{"id":288,"date":"2025-05-26T13:10:44","date_gmt":"2025-05-26T13:10:44","guid":{"rendered":"https:\/\/realmkt.com.br\/loja\/?post_type=product&#038;p=288"},"modified":"2025-05-26T13:10:44","modified_gmt":"2025-05-26T13:10:44","slug":"certificado-digital-pj-a3-token-2-anos","status":"publish","type":"product","link":"https:\/\/realmkt.com.br\/loja\/produto\/certificado-digital-pj-a3-token-2-anos\/","title":{"rendered":"CERTIFICADO DIGITAL PJ  A3 &#8211; TOKEN 2 ANOS"},"content":{"rendered":"<div class=\"elementor-element elementor-element-fa5148c elementor-widget elementor-widget-heading\" data-id=\"fa5148c\" data-element_type=\"widget\" data-widget_type=\"heading.default\">\n<h1 class=\"elementor-heading-title elementor-size-default\">e-CNPJ A3 | Token<\/h1>\n<\/div>\n<div class=\"elementor-element elementor-element-b021c82 elementor-widget elementor-widget-text-editor\" data-id=\"b021c82\" data-element_type=\"widget\" data-widget_type=\"text-editor.default\">\u00c9 uma solu\u00e7\u00e3o para empresas e conecta-se com CNPJ. Os Certificados Digitais permitem que voc\u00ea identifique sua empresa eletronicamente e permitem que voc\u00ea execute uma variedade de servi\u00e7os<\/div>\n","protected":false},"excerpt":{"rendered":"<p><strong>Token&#8217;s<\/strong> s\u00e3o dispositivos projetados para se comunicar com sistemas de autentica\u00e7\u00e3o. As informa\u00e7\u00f5es s\u00e3o registradas no chip por meio de um protocolo criptografado e podem ser lidas por meio de equipamentos especiais.<\/p>\n","protected":false},"featured_media":148,"comment_status":"open","ping_status":"closed","template":"","meta":{"_joinchat":[]},"product_brand":[],"product_cat":[16,32],"product_tag":[],"class_list":{"0":"post-288","1":"product","2":"type-product","3":"status-publish","4":"has-post-thumbnail","6":"product_cat-certificado-digital","7":"product_cat-certificado-digital-pj-a3-token","9":"first","10":"instock","11":"virtual","12":"purchasable","13":"product-type-simple"},"_links":{"self":[{"href":"https:\/\/realmkt.com.br\/loja\/wp-json\/wp\/v2\/product\/288","targetHints":{"allow":["GET"]}}],"collection":[{"href":"https:\/\/realmkt.com.br\/loja\/wp-json\/wp\/v2\/product"}],"about":[{"href":"https:\/\/realmkt.com.br\/loja\/wp-json\/wp\/v2\/types\/product"}],"replies":[{"embeddable":true,"href":"https:\/\/realmkt.com.br\/loja\/wp-json\/wp\/v2\/comments?post=288"}],"wp:featuredmedia":[{"embeddable":true,"href":"https:\/\/realmkt.com.br\/loja\/wp-json\/wp\/v2\/media\/148"}],"wp:attachment":[{"href":"https:\/\/realmkt.com.br\/loja\/wp-json\/wp\/v2\/media?parent=288"}],"wp:term":[{"taxonomy":"product_brand","embeddable":true,"href":"https:\/\/realmkt.com.br\/loja\/wp-json\/wp\/v2\/product_brand?post=288"},{"taxonomy":"product_cat","embeddable":true,"href":"https:\/\/realmkt.com.br\/loja\/wp-json\/wp\/v2\/product_cat?post=288"},{"taxonomy":"product_tag","embeddable":true,"href":"https:\/\/realmkt.com.br\/loja\/wp-json\/wp\/v2\/product_tag?post=288"}],"curies":[{"name":"wp","href":"https:\/\/api.w.org\/{rel}","templated":true}]}}