{"id":178,"date":"2025-05-20T15:03:37","date_gmt":"2025-05-20T15:03:37","guid":{"rendered":"https:\/\/realmkt.com.br\/loja\/?post_type=product&#038;p=178"},"modified":"2025-05-23T20:20:18","modified_gmt":"2025-05-23T20:20:18","slug":"renovacao-certificado-pj-a3-1-ano","status":"publish","type":"product","link":"https:\/\/realmkt.com.br\/loja\/produto\/renovacao-certificado-pj-a3-1-ano\/","title":{"rendered":"RENOVA\u00c7\u00c3O CERTIFICADO PJ A3 1 ANO"},"content":{"rendered":"<div class=\"elementor-element elementor-element-fa5148c elementor-widget elementor-widget-heading\" data-id=\"fa5148c\" data-element_type=\"widget\" data-widget_type=\"heading.default\">\n<h1 class=\"elementor-heading-title elementor-size-default\">e-CNPJ A3 | Sem m\u00eddia<\/h1>\n<\/div>\n<div class=\"elementor-element elementor-element-b021c82 elementor-widget elementor-widget-text-editor\" data-id=\"b021c82\" data-element_type=\"widget\" data-widget_type=\"text-editor.default\">\u00c9 uma solu\u00e7\u00e3o para empresas e conecta-se com CNPJ. Os Certificados Digitais permitem que voc\u00ea identifica sua empresa eletronicamente e permitem que voc\u00ea executa uma variedade de servi\u00e7os<\/div>\n","protected":false},"excerpt":{"rendered":"<h3>Aten\u00e7\u00e3o! Leia antes de adquirir seu certificado<\/h3>\n<p>Esse item n\u00e3o inclui nenhuma m\u00eddia. Apenas o certificado para pessoa jur\u00eddica e-CNPJ A3. \u00c9 necess\u00e1rio possuir uma m\u00eddia para uso do certificado.<\/p>\n","protected":false},"featured_media":176,"comment_status":"open","ping_status":"closed","template":"","meta":{"_joinchat":[]},"product_brand":[],"product_cat":[19],"product_tag":[],"class_list":{"0":"post-178","1":"product","2":"type-product","3":"status-publish","4":"has-post-thumbnail","6":"product_cat-certificado-digital-pj","8":"first","9":"instock","10":"shipping-taxable","11":"purchasable","12":"product-type-simple"},"_links":{"self":[{"href":"https:\/\/realmkt.com.br\/loja\/wp-json\/wp\/v2\/product\/178","targetHints":{"allow":["GET"]}}],"collection":[{"href":"https:\/\/realmkt.com.br\/loja\/wp-json\/wp\/v2\/product"}],"about":[{"href":"https:\/\/realmkt.com.br\/loja\/wp-json\/wp\/v2\/types\/product"}],"replies":[{"embeddable":true,"href":"https:\/\/realmkt.com.br\/loja\/wp-json\/wp\/v2\/comments?post=178"}],"wp:featuredmedia":[{"embeddable":true,"href":"https:\/\/realmkt.com.br\/loja\/wp-json\/wp\/v2\/media\/176"}],"wp:attachment":[{"href":"https:\/\/realmkt.com.br\/loja\/wp-json\/wp\/v2\/media?parent=178"}],"wp:term":[{"taxonomy":"product_brand","embeddable":true,"href":"https:\/\/realmkt.com.br\/loja\/wp-json\/wp\/v2\/product_brand?post=178"},{"taxonomy":"product_cat","embeddable":true,"href":"https:\/\/realmkt.com.br\/loja\/wp-json\/wp\/v2\/product_cat?post=178"},{"taxonomy":"product_tag","embeddable":true,"href":"https:\/\/realmkt.com.br\/loja\/wp-json\/wp\/v2\/product_tag?post=178"}],"curies":[{"name":"wp","href":"https:\/\/api.w.org\/{rel}","templated":true}]}}