{"id":158,"date":"2025-05-20T13:48:17","date_gmt":"2025-05-20T13:48:17","guid":{"rendered":"https:\/\/realmkt.com.br\/loja\/?post_type=product&#038;p=158"},"modified":"2025-05-26T13:03:28","modified_gmt":"2025-05-26T13:03:28","slug":"certificado-digital-pf-a3-token-1-ano","status":"publish","type":"product","link":"https:\/\/realmkt.com.br\/loja\/produto\/certificado-digital-pf-a3-token-1-ano\/","title":{"rendered":"CERTIFICADO DIGITAL PF A3 &#8211; TOKEN 1 ANO"},"content":{"rendered":"<div class=\"elementor-element elementor-element-fa5148c elementor-widget elementor-widget-heading\" data-id=\"fa5148c\" data-element_type=\"widget\" data-widget_type=\"heading.default\">\n<div class=\"elementor-element elementor-element-fa5148c elementor-widget elementor-widget-heading\" data-id=\"fa5148c\" data-element_type=\"widget\" data-widget_type=\"heading.default\">\n<h1 class=\"elementor-heading-title elementor-size-default\">e-CPF A3 | KIT TOKEN<\/h1>\n<\/div>\n<div class=\"elementor-element elementor-element-b021c82 elementor-widget elementor-widget-text-editor\" data-id=\"b021c82\" data-element_type=\"widget\" data-widget_type=\"text-editor.default\">e-CPF A3 | Kit TOKEN \u00e9 uma carteira de identidade digital para pessoa f\u00edsica, uma vers\u00e3o digital do CPF que identifica o cidad\u00e3o eletronicamente e permite a realiza\u00e7\u00e3o de servi\u00e7os.<\/div>\n<\/div>\n","protected":false},"excerpt":{"rendered":"<p><b>Token&#8217;s<\/b> s\u00e3o dispositivos projetados para se comunicar com sistemas de autentica\u00e7\u00e3o. As informa\u00e7\u00f5es s\u00e3o registradas no chip por meio de um protocolo criptografado e podem ser lidas por meio de equipamentos especiais.<\/p>\n","protected":false},"featured_media":162,"comment_status":"open","ping_status":"closed","template":"","meta":{"_joinchat":[]},"product_brand":[],"product_cat":[16,31],"product_tag":[],"class_list":{"0":"post-158","1":"product","2":"type-product","3":"status-publish","4":"has-post-thumbnail","6":"product_cat-certificado-digital","7":"product_cat-certificado-digital-pf-a3-token","9":"first","10":"instock","11":"shipping-taxable","12":"purchasable","13":"product-type-simple"},"_links":{"self":[{"href":"https:\/\/realmkt.com.br\/loja\/wp-json\/wp\/v2\/product\/158","targetHints":{"allow":["GET"]}}],"collection":[{"href":"https:\/\/realmkt.com.br\/loja\/wp-json\/wp\/v2\/product"}],"about":[{"href":"https:\/\/realmkt.com.br\/loja\/wp-json\/wp\/v2\/types\/product"}],"replies":[{"embeddable":true,"href":"https:\/\/realmkt.com.br\/loja\/wp-json\/wp\/v2\/comments?post=158"}],"wp:featuredmedia":[{"embeddable":true,"href":"https:\/\/realmkt.com.br\/loja\/wp-json\/wp\/v2\/media\/162"}],"wp:attachment":[{"href":"https:\/\/realmkt.com.br\/loja\/wp-json\/wp\/v2\/media?parent=158"}],"wp:term":[{"taxonomy":"product_brand","embeddable":true,"href":"https:\/\/realmkt.com.br\/loja\/wp-json\/wp\/v2\/product_brand?post=158"},{"taxonomy":"product_cat","embeddable":true,"href":"https:\/\/realmkt.com.br\/loja\/wp-json\/wp\/v2\/product_cat?post=158"},{"taxonomy":"product_tag","embeddable":true,"href":"https:\/\/realmkt.com.br\/loja\/wp-json\/wp\/v2\/product_tag?post=158"}],"curies":[{"name":"wp","href":"https:\/\/api.w.org\/{rel}","templated":true}]}}