{"id":157,"date":"2025-05-20T13:41:54","date_gmt":"2025-05-20T13:41:54","guid":{"rendered":"https:\/\/realmkt.com.br\/loja\/?post_type=product&#038;p=157"},"modified":"2025-10-14T12:13:47","modified_gmt":"2025-10-14T12:13:47","slug":"certificado-digital-pf-a1","status":"publish","type":"product","link":"https:\/\/realmkt.com.br\/loja\/produto\/certificado-digital-pf-a1\/","title":{"rendered":"CERTIFICADO DIGITAL PF A1"},"content":{"rendered":"<div class=\"elementor-element elementor-element-fa5148c elementor-widget elementor-widget-heading\" data-id=\"fa5148c\" data-element_type=\"widget\" data-widget_type=\"heading.default\">\n<h1 class=\"elementor-heading-title elementor-size-default\">e- CPF A1 | Arquivo<\/h1>\n<\/div>\n<div class=\"elementor-element elementor-element-b021c82 elementor-widget elementor-widget-text-editor\" data-id=\"b021c82\" data-element_type=\"widget\" data-widget_type=\"text-editor.default\">Uma das principais vantagens \u00e9 a possibilidade de instalar o mesmo certificado digital em v\u00e1rios computadores simultaneamente.<\/div>\n","protected":false},"excerpt":{"rendered":"<p><b>O certificado A1<\/b>\u00a0\u00e9 instalado em seu computador. Ao contr\u00e1rio de outros modelos, \u00e9 v\u00e1lido por 12 meses a partir da data de emiss\u00e3o. As diferen\u00e7as entre os certificados est\u00e3o relacionadas ao formato e ao modo de instala\u00e7\u00e3o.\u00a0Al\u00e9m disso, os certificados A1 podem ser introduzidos em software de emiss\u00e3o de impostos, sistemas de backup baseados em certificados ou solu\u00e7\u00f5es de assinatura digital.<\/p>\n<p>Uma das principais vantagens \u00e9 a possibilidade de instalar o mesmo certificado digital em v\u00e1rios computadores simultaneamente. Al\u00e9m disso, os certificados A1 podem ser introduzidos em software de emiss\u00e3o de impostos, sistemas de backup baseados em certificados ou solu\u00e7\u00f5es de assinatura digital.<\/p>\n","protected":false},"featured_media":17,"comment_status":"open","ping_status":"closed","template":"","meta":{"_joinchat":[]},"product_brand":[],"product_cat":[16],"product_tag":[],"class_list":{"0":"post-157","1":"product","2":"type-product","3":"status-publish","4":"has-post-thumbnail","6":"product_cat-certificado-digital","8":"first","9":"instock","10":"sale","11":"virtual","12":"purchasable","13":"product-type-simple"},"_links":{"self":[{"href":"https:\/\/realmkt.com.br\/loja\/wp-json\/wp\/v2\/product\/157","targetHints":{"allow":["GET"]}}],"collection":[{"href":"https:\/\/realmkt.com.br\/loja\/wp-json\/wp\/v2\/product"}],"about":[{"href":"https:\/\/realmkt.com.br\/loja\/wp-json\/wp\/v2\/types\/product"}],"replies":[{"embeddable":true,"href":"https:\/\/realmkt.com.br\/loja\/wp-json\/wp\/v2\/comments?post=157"}],"wp:featuredmedia":[{"embeddable":true,"href":"https:\/\/realmkt.com.br\/loja\/wp-json\/wp\/v2\/media\/17"}],"wp:attachment":[{"href":"https:\/\/realmkt.com.br\/loja\/wp-json\/wp\/v2\/media?parent=157"}],"wp:term":[{"taxonomy":"product_brand","embeddable":true,"href":"https:\/\/realmkt.com.br\/loja\/wp-json\/wp\/v2\/product_brand?post=157"},{"taxonomy":"product_cat","embeddable":true,"href":"https:\/\/realmkt.com.br\/loja\/wp-json\/wp\/v2\/product_cat?post=157"},{"taxonomy":"product_tag","embeddable":true,"href":"https:\/\/realmkt.com.br\/loja\/wp-json\/wp\/v2\/product_tag?post=157"}],"curies":[{"name":"wp","href":"https:\/\/api.w.org\/{rel}","templated":true}]}}